{"id":190,"date":"2025-08-02T16:04:05","date_gmt":"2025-08-02T16:04:05","guid":{"rendered":"https:\/\/aprendeaquihoje.com.br\/prova-social-milionaria\/finalizar-compra\/"},"modified":"2025-10-01T01:06:25","modified_gmt":"2025-10-01T01:06:25","slug":"finalizar-compra","status":"publish","type":"page","link":"https:\/\/aprendeaquihoje.com.br\/prova-social-milionaria\/finalizar-compra\/","title":{"rendered":"Finaliza\u00e7\u00e3o de compra"},"content":{"rendered":"\t\t<div data-elementor-type=\"wp-page\" data-elementor-id=\"190\" class=\"elementor elementor-190\">\n\t\t\t\t<div class=\"elementor-element elementor-element-f4ce713 e-flex e-con-boxed e-con e-parent\" data-id=\"f4ce713\" data-element_type=\"container\" data-e-type=\"container\">\n\t\t\t\t\t<div class=\"e-con-inner\">\n\t\t<div class=\"elementor-element elementor-element-0658c40 e-con-full e-flex e-con e-child\" data-id=\"0658c40\" data-element_type=\"container\" data-e-type=\"container\" data-settings=\"{&quot;background_background&quot;:&quot;classic&quot;}\">\n\t\t\t\t<div class=\"elementor-element elementor-element-bb04dc7 meu-checkout-titulo elementor-widget elementor-widget-heading\" data-id=\"bb04dc7\" data-element_type=\"widget\" data-e-type=\"widget\" data-widget_type=\"heading.default\">\n\t\t\t\t<div class=\"elementor-widget-container\">\n\t\t\t\t\t<h2 class=\"elementor-heading-title elementor-size-default\">Finalizar compra<\/h2>\t\t\t\t<\/div>\n\t\t\t\t<\/div>\n\t\t\t\t<\/div>\n\t\t\t\t\t<\/div>\n\t\t\t\t<\/div>\n\t\t<div class=\"elementor-element elementor-element-4f2d1022 e-flex e-con-boxed e-con e-parent\" data-id=\"4f2d1022\" data-element_type=\"container\" data-e-type=\"container\">\n\t\t\t\t\t<div class=\"e-con-inner\">\n\t\t\t\t<div class=\"elementor-element elementor-element-01d2f3a e-checkout-layout-two-column elementor-widget elementor-widget-woocommerce-checkout-page\" data-id=\"01d2f3a\" data-element_type=\"widget\" data-e-type=\"widget\" data-settings=\"{&quot;sticky_right_column&quot;:&quot;yes&quot;}\" data-widget_type=\"woocommerce-checkout-page.default\">\n\t\t\t\t<div class=\"elementor-widget-container\">\n\t\t\t\t\t<div class=\"woocommerce\"><\/div>\t\t\t\t<\/div>\n\t\t\t\t<\/div>\n\t\t\t\t<div class=\"elementor-element elementor-element-177a3ed elementor-widget elementor-widget-html\" data-id=\"177a3ed\" data-element_type=\"widget\" data-e-type=\"widget\" data-widget_type=\"html.default\">\n\t\t\t\t<div class=\"elementor-widget-container\">\n\t\t\t\t\t<div class=\"checkout-security\" style=\"background:#f9fafb; padding:15px; border-radius:12px; text-align:center; margin-top:20px;\">\r\n  <p style=\"margin-bottom:10px; font-size:14px; color:#333;\">\r\n    \ud83d\udd12 Pagamento 100% seguro &nbsp; | &nbsp; \u2705 Garantia de 7 dias\r\n  <\/p>\r\n  <img decoding=\"async\" src=\"https:\/\/upload.wikimedia.org\/wikipedia\/commons\/0\/04\/Visa.svg\" alt=\"Visa\" style=\"height:28px; margin:0 6px;\">\r\n  <img decoding=\"async\" src=\"https:\/\/brand.mastercard.com\/content\/dam\/mccom\/brandcenter\/thumbnails\/mastercard_vrt_rev_92px_2x.png\" alt=\"Mastercard\" style=\"height:28px; margin:0 6px;\">\r\n  <img decoding=\"async\" src=\"https:\/\/logospng.org\/download\/pix\/logo-pix-icone-1024.png\" alt=\"Pix\" style=\"height:28px; margin:0 6px;\">\r\n  <img decoding=\"async\" src=\"https:\/\/upload.wikimedia.org\/wikipedia\/commons\/b\/b5\/PayPal.svg\" alt=\"PayPal\" style=\"height:28px; margin:0 6px;\">\r\n<\/div>\r\n\t\t\t\t<\/div>\n\t\t\t\t<\/div>\n\t\t\t\t\t<\/div>\n\t\t\t\t<\/div>\n\t\t\t\t<\/div>\n\t\t","protected":false},"excerpt":{"rendered":"<p>Finalizar compra Dados de Cobran\u00e7a Nome&nbsp;* Sobrenome&nbsp;* Pa\u00eds&nbsp;*Selecione um pa\u00eds&hellip;Afeganist\u00e3o\u00c1frica do SulAlb\u00e2niaAlemanhaAndorraAngolaAnguillaAnt\u00e1rticaAnt\u00edgua e BarbudaAr\u00e1bia SauditaArg\u00e9liaArgentinaArm\u00eaniaArubaAustr\u00e1lia\u00c1ustriaAzerbaij\u00e3oBahamasBangladeshBarbadosBar\u00e9mBelauB\u00e9lgicaBelizeBenimBermudasBielorr\u00fassiaBol\u00edviaBonaire, Santo Eust\u00e1quio e SabaB\u00f3snia e HerzegovinaBotsuanaBrasilBruneiBulg\u00e1riaBurquina FassoBur\u00fandiBut\u00e3oCabo VerdeCamar\u00f5esCambojaCanad\u00e1CatarCazaquist\u00e3oChadeChileChinaChipreCingapuraCol\u00f4mbiaComoresComunidade das Ilhas Marianas SetentrionaisCongo (Brazzaville)Congo (Kinshasa)Cor\u00e9ia do NorteCor\u00e9ia do SulCosta do MarfimCosta RicaCro\u00e1ciaCubaCura&ccedil;aoDinamarcaDjiboutiDominicaEgitoEl SalvadorEmirados \u00c1rabes UnidosEquadorEritreiaEslov\u00e1quiaEsloveniaEspanhaEstados UnidosEst\u00f4niaEswatiniEti\u00f3piaFijiFilipinasFinl\u00e2ndiaFran\u00e7aGab\u00e3oG\u00e2mbiaGanaGe\u00f3rgiaGibraltarGranadaGr\u00e9ciaGroenl\u00e2ndiaGuadalupeGuamGuatemalaGuernseyGuianaGuiana FrancesaGuin\u00e9Guin\u00e9 EquatorialGuin\u00e9-BissauHaitiHolandaHondurasHong KongHungriaI\u00e9menIlha BouvetIlha ChristmasIlha de ManIlha de S\u00e3o Martinho (Rep\u00fablica Francesa)Ilha Heard e Ilhas [&hellip;]<\/p>\n","protected":false},"author":1,"featured_media":0,"parent":0,"menu_order":0,"comment_status":"closed","ping_status":"closed","template":"elementor_canvas","meta":{"footnotes":""},"class_list":["post-190","page","type-page","status-publish","hentry"],"_links":{"self":[{"href":"https:\/\/aprendeaquihoje.com.br\/prova-social-milionaria\/wp-json\/wp\/v2\/pages\/190","targetHints":{"allow":["GET"]}}],"collection":[{"href":"https:\/\/aprendeaquihoje.com.br\/prova-social-milionaria\/wp-json\/wp\/v2\/pages"}],"about":[{"href":"https:\/\/aprendeaquihoje.com.br\/prova-social-milionaria\/wp-json\/wp\/v2\/types\/page"}],"author":[{"embeddable":true,"href":"https:\/\/aprendeaquihoje.com.br\/prova-social-milionaria\/wp-json\/wp\/v2\/users\/1"}],"replies":[{"embeddable":true,"href":"https:\/\/aprendeaquihoje.com.br\/prova-social-milionaria\/wp-json\/wp\/v2\/comments?post=190"}],"version-history":[{"count":281,"href":"https:\/\/aprendeaquihoje.com.br\/prova-social-milionaria\/wp-json\/wp\/v2\/pages\/190\/revisions"}],"predecessor-version":[{"id":3224,"href":"https:\/\/aprendeaquihoje.com.br\/prova-social-milionaria\/wp-json\/wp\/v2\/pages\/190\/revisions\/3224"}],"wp:attachment":[{"href":"https:\/\/aprendeaquihoje.com.br\/prova-social-milionaria\/wp-json\/wp\/v2\/media?parent=190"}],"curies":[{"name":"wp","href":"https:\/\/api.w.org\/{rel}","templated":true}]}}